{"id":6741,"date":"2021-03-02T14:45:02","date_gmt":"2021-03-02T14:45:02","guid":{"rendered":"https:\/\/selfadhesives.fedrigoni.com\/\/contatos\/"},"modified":"2026-04-22T07:35:10","modified_gmt":"2026-04-22T07:35:10","slug":"contatos","status":"publish","type":"page","link":"https:\/\/selfadhesives.fedrigoni.com\/pt\/contatos\/","title":{"rendered":"Contatos"},"content":{"rendered":"","protected":false},"excerpt":{"rendered":"","protected":false},"author":11,"featured_media":0,"parent":0,"menu_order":0,"comment_status":"closed","ping_status":"closed","template":"page-contacts.php","meta":{"_acf_changed":false,"footnotes":""},"class_list":["post-6741","page","type-page","status-publish","hentry"],"acf":[],"yoast_head":"<!-- This site is optimized with the Yoast SEO plugin v27.4 - https:\/\/yoast.com\/product\/yoast-seo-wordpress\/ -->\n<title>Contatos | Fedrigoni Selfadhesives<\/title>\n<meta name=\"description\" content=\"Se tiver qualquer pergunta ou d\u00favida, estamos aqui para lhe responder. Basta preencher o formul\u00e1rio abaixo. Preencha o formul\u00e1rio espec\u00edfico\" \/>\n<meta name=\"robots\" content=\"index, follow, max-snippet:-1, max-image-preview:large, max-video-preview:-1\" \/>\n<link rel=\"canonical\" href=\"https:\/\/selfadhesives.fedrigoni.com\/pt\/contatos\/\" \/>\n<meta property=\"og:locale\" content=\"pt_PT\" \/>\n<meta property=\"og:type\" content=\"article\" \/>\n<meta property=\"og:title\" content=\"Contatos | Fedrigoni Selfadhesives\" \/>\n<meta property=\"og:description\" content=\"Se tiver qualquer pergunta ou d\u00favida, estamos aqui para lhe responder. Basta preencher o formul\u00e1rio abaixo. Preencha o formul\u00e1rio espec\u00edfico\" \/>\n<meta property=\"og:url\" content=\"https:\/\/selfadhesives.fedrigoni.com\/pt\/contatos\/\" \/>\n<meta property=\"og:site_name\" content=\"Fedrigoni Self-Adhesives\" \/>\n<meta property=\"article:modified_time\" content=\"2026-04-22T07:35:10+00:00\" \/>\n<meta property=\"og:image\" content=\"https:\/\/selfadhesives.fedrigoni.com\/wp-content\/uploads\/2022\/11\/share_cover.jpg\" \/>\n\t<meta property=\"og:image:width\" content=\"1920\" \/>\n\t<meta property=\"og:image:height\" content=\"1008\" \/>\n\t<meta property=\"og:image:type\" content=\"image\/jpeg\" \/>\n<meta name=\"twitter:card\" content=\"summary_large_image\" \/>\n<script type=\"application\/ld+json\" class=\"yoast-schema-graph\">{\"@context\":\"https:\\\/\\\/schema.org\",\"@graph\":[{\"@type\":\"WebPage\",\"@id\":\"https:\\\/\\\/selfadhesives.fedrigoni.com\\\/pt\\\/contatos\\\/\",\"url\":\"https:\\\/\\\/selfadhesives.fedrigoni.com\\\/pt\\\/contatos\\\/\",\"name\":\"Contatos | Fedrigoni Selfadhesives\",\"isPartOf\":{\"@id\":\"https:\\\/\\\/selfadhesives.fedrigoni.com\\\/pt\\\/#website\"},\"datePublished\":\"2021-03-02T14:45:02+00:00\",\"dateModified\":\"2026-04-22T07:35:10+00:00\",\"description\":\"Se tiver qualquer pergunta ou d\u00favida, estamos aqui para lhe responder. Basta preencher o formul\u00e1rio abaixo. Preencha o formul\u00e1rio espec\u00edfico\",\"breadcrumb\":{\"@id\":\"https:\\\/\\\/selfadhesives.fedrigoni.com\\\/pt\\\/contatos\\\/#breadcrumb\"},\"inLanguage\":\"pt\",\"potentialAction\":[{\"@type\":\"ReadAction\",\"target\":[\"https:\\\/\\\/selfadhesives.fedrigoni.com\\\/pt\\\/contatos\\\/\"]}]},{\"@type\":\"BreadcrumbList\",\"@id\":\"https:\\\/\\\/selfadhesives.fedrigoni.com\\\/pt\\\/contatos\\\/#breadcrumb\",\"itemListElement\":[{\"@type\":\"ListItem\",\"position\":1,\"name\":\"Home\",\"item\":\"https:\\\/\\\/selfadhesives.fedrigoni.com\\\/pt\\\/\"},{\"@type\":\"ListItem\",\"position\":2,\"name\":\"Contatos\"}]},{\"@type\":\"WebSite\",\"@id\":\"https:\\\/\\\/selfadhesives.fedrigoni.com\\\/pt\\\/#website\",\"url\":\"https:\\\/\\\/selfadhesives.fedrigoni.com\\\/pt\\\/\",\"name\":\"Fedrigoni Self-Adhesives\",\"description\":\"Arconvert. Ritrama. Manter. This is Fedrigoni Self\u2011Adhesives.\",\"potentialAction\":[{\"@type\":\"SearchAction\",\"target\":{\"@type\":\"EntryPoint\",\"urlTemplate\":\"https:\\\/\\\/selfadhesives.fedrigoni.com\\\/pt\\\/?s={search_term_string}\"},\"query-input\":{\"@type\":\"PropertyValueSpecification\",\"valueRequired\":true,\"valueName\":\"search_term_string\"}}],\"inLanguage\":\"pt\"}]}<\/script>\n<!-- \/ Yoast SEO plugin. -->","yoast_head_json":{"title":"Contatos | Fedrigoni Selfadhesives","description":"Se tiver qualquer pergunta ou d\u00favida, estamos aqui para lhe responder. Basta preencher o formul\u00e1rio abaixo. Preencha o formul\u00e1rio espec\u00edfico","robots":{"index":"index","follow":"follow","max-snippet":"max-snippet:-1","max-image-preview":"max-image-preview:large","max-video-preview":"max-video-preview:-1"},"canonical":"https:\/\/selfadhesives.fedrigoni.com\/pt\/contatos\/","og_locale":"pt_PT","og_type":"article","og_title":"Contatos | Fedrigoni Selfadhesives","og_description":"Se tiver qualquer pergunta ou d\u00favida, estamos aqui para lhe responder. Basta preencher o formul\u00e1rio abaixo. Preencha o formul\u00e1rio espec\u00edfico","og_url":"https:\/\/selfadhesives.fedrigoni.com\/pt\/contatos\/","og_site_name":"Fedrigoni Self-Adhesives","article_modified_time":"2026-04-22T07:35:10+00:00","og_image":[{"width":1920,"height":1008,"url":"https:\/\/selfadhesives.fedrigoni.com\/wp-content\/uploads\/2022\/11\/share_cover.jpg","type":"image\/jpeg"}],"twitter_card":"summary_large_image","schema":{"@context":"https:\/\/schema.org","@graph":[{"@type":"WebPage","@id":"https:\/\/selfadhesives.fedrigoni.com\/pt\/contatos\/","url":"https:\/\/selfadhesives.fedrigoni.com\/pt\/contatos\/","name":"Contatos | Fedrigoni Selfadhesives","isPartOf":{"@id":"https:\/\/selfadhesives.fedrigoni.com\/pt\/#website"},"datePublished":"2021-03-02T14:45:02+00:00","dateModified":"2026-04-22T07:35:10+00:00","description":"Se tiver qualquer pergunta ou d\u00favida, estamos aqui para lhe responder. Basta preencher o formul\u00e1rio abaixo. Preencha o formul\u00e1rio espec\u00edfico","breadcrumb":{"@id":"https:\/\/selfadhesives.fedrigoni.com\/pt\/contatos\/#breadcrumb"},"inLanguage":"pt","potentialAction":[{"@type":"ReadAction","target":["https:\/\/selfadhesives.fedrigoni.com\/pt\/contatos\/"]}]},{"@type":"BreadcrumbList","@id":"https:\/\/selfadhesives.fedrigoni.com\/pt\/contatos\/#breadcrumb","itemListElement":[{"@type":"ListItem","position":1,"name":"Home","item":"https:\/\/selfadhesives.fedrigoni.com\/pt\/"},{"@type":"ListItem","position":2,"name":"Contatos"}]},{"@type":"WebSite","@id":"https:\/\/selfadhesives.fedrigoni.com\/pt\/#website","url":"https:\/\/selfadhesives.fedrigoni.com\/pt\/","name":"Fedrigoni Self-Adhesives","description":"Arconvert. Ritrama. Manter. This is Fedrigoni Self\u2011Adhesives.","potentialAction":[{"@type":"SearchAction","target":{"@type":"EntryPoint","urlTemplate":"https:\/\/selfadhesives.fedrigoni.com\/pt\/?s={search_term_string}"},"query-input":{"@type":"PropertyValueSpecification","valueRequired":true,"valueName":"search_term_string"}}],"inLanguage":"pt"}]}},"_links":{"self":[{"href":"https:\/\/selfadhesives.fedrigoni.com\/pt\/wp-json\/wp\/v2\/pages\/6741","targetHints":{"allow":["GET"]}}],"collection":[{"href":"https:\/\/selfadhesives.fedrigoni.com\/pt\/wp-json\/wp\/v2\/pages"}],"about":[{"href":"https:\/\/selfadhesives.fedrigoni.com\/pt\/wp-json\/wp\/v2\/types\/page"}],"author":[{"embeddable":true,"href":"https:\/\/selfadhesives.fedrigoni.com\/pt\/wp-json\/wp\/v2\/users\/11"}],"replies":[{"embeddable":true,"href":"https:\/\/selfadhesives.fedrigoni.com\/pt\/wp-json\/wp\/v2\/comments?post=6741"}],"version-history":[{"count":0,"href":"https:\/\/selfadhesives.fedrigoni.com\/pt\/wp-json\/wp\/v2\/pages\/6741\/revisions"}],"wp:attachment":[{"href":"https:\/\/selfadhesives.fedrigoni.com\/pt\/wp-json\/wp\/v2\/media?parent=6741"}],"curies":[{"name":"wp","href":"https:\/\/api.w.org\/{rel}","templated":true}]}}