{"id":6735,"date":"2021-03-02T14:10:02","date_gmt":"2021-03-02T14:10:02","guid":{"rendered":"https:\/\/selfadhesives.fedrigoni.com\/\/politica-de-privacidade\/"},"modified":"2023-02-07T18:21:16","modified_gmt":"2023-02-07T18:21:16","slug":"politica-de-privacidade","status":"publish","type":"page","link":"https:\/\/selfadhesives.fedrigoni.com\/pt\/politica-de-privacidade\/","title":{"rendered":"Pol\u00edtica de Privacidade"},"content":{"rendered":"<h4>POL\u00cdTICA DE PRIVACIDADE NOS TERMOS DO ARTIGO 13 DO REGULAMENTO UE 2016\/679 &#8211; UTILIZADORES DO PORTAL NA INTERNET<\/h4>\n<p>&nbsp;<\/p>\n<p>&nbsp;<\/p>\n<p style=\"text-align:center\">\n<a href=\"\/wp-content\/uploads\/2023\/02\/Fedrigoni_Informativa-portali-web_20220516_PT.pdf\" target=\"_blank\" rel=\"noopener\">Fedrigoni S.p.A.<\/a><br \/>\n<br \/>\n<a href=\"\/wp-content\/uploads\/2023\/02\/Ritrama-S.p.A._Informativa-portali-web_PT.pdf\" target=\"_blank\" rel=\"noopener\">Ritrama S.p.A.<\/a><br \/>\n<br \/>\n<a href=\"\/wp-content\/uploads\/2023\/02\/Arconvert-S.p.A._Informativa-portali-web_PT.pdf\" target=\"_blank\" rel=\"noopener\">Arconvert S.p.A.<\/a><\/p>\n","protected":false},"excerpt":{"rendered":"<p>POL\u00cdTICA DE PRIVACIDADE NOS TERMOS DO ARTIGO 13 DO REGULAMENTO UE 2016\/679 &#8211; UTILIZADORES DO PORTAL NA INTERNET &nbsp; &nbsp; Fedrigoni S.p.A. Ritrama S.p.A. Arconvert S.p.A.<\/p>\n","protected":false},"author":11,"featured_media":0,"parent":0,"menu_order":0,"comment_status":"closed","ping_status":"closed","template":"","meta":{"_acf_changed":false,"footnotes":""},"class_list":["post-6735","page","type-page","status-publish","hentry"],"acf":[],"yoast_head":"<!-- This site is optimized with the Yoast SEO plugin v27.3 - https:\/\/yoast.com\/product\/yoast-seo-wordpress\/ -->\n<title>Pol\u00edtica de Privacidade<\/title>\n<meta name=\"description\" content=\"As seguintes defini\u00e7\u00f5es dos termos utilizados neste documento s\u00e3o extra\u00eddas do art.4. do Regulamento Geral sobre Prote\u00e7\u00e3o de Dados (RGPD)\" \/>\n<meta name=\"robots\" content=\"index, follow, max-snippet:-1, max-image-preview:large, max-video-preview:-1\" \/>\n<link rel=\"canonical\" href=\"https:\/\/selfadhesives.fedrigoni.com\/pt\/politica-de-privacidade\/\" \/>\n<meta property=\"og:locale\" content=\"pt_PT\" \/>\n<meta property=\"og:type\" content=\"article\" \/>\n<meta property=\"og:title\" content=\"Pol\u00edtica de Privacidade\" \/>\n<meta property=\"og:description\" content=\"As seguintes defini\u00e7\u00f5es dos termos utilizados neste documento s\u00e3o extra\u00eddas do art.4. do Regulamento Geral sobre Prote\u00e7\u00e3o de Dados (RGPD)\" \/>\n<meta property=\"og:url\" content=\"https:\/\/selfadhesives.fedrigoni.com\/pt\/politica-de-privacidade\/\" \/>\n<meta property=\"og:site_name\" content=\"Fedrigoni Self-Adhesives\" \/>\n<meta property=\"article:modified_time\" content=\"2023-02-07T18:21:16+00:00\" \/>\n<meta property=\"og:image\" content=\"https:\/\/selfadhesives.fedrigoni.com\/wp-content\/uploads\/2022\/11\/share_cover.jpg\" \/>\n\t<meta property=\"og:image:width\" content=\"1920\" \/>\n\t<meta property=\"og:image:height\" content=\"1008\" \/>\n\t<meta property=\"og:image:type\" content=\"image\/jpeg\" \/>\n<meta name=\"twitter:card\" content=\"summary_large_image\" \/>\n<meta name=\"twitter:label1\" content=\"Est. reading time\" \/>\n\t<meta name=\"twitter:data1\" content=\"8 minutes\" \/>\n<script type=\"application\/ld+json\" class=\"yoast-schema-graph\">{\"@context\":\"https:\\\/\\\/schema.org\",\"@graph\":[{\"@type\":\"WebPage\",\"@id\":\"https:\\\/\\\/selfadhesives.fedrigoni.com\\\/pt\\\/politica-de-privacidade\\\/\",\"url\":\"https:\\\/\\\/selfadhesives.fedrigoni.com\\\/pt\\\/politica-de-privacidade\\\/\",\"name\":\"Pol\u00edtica de Privacidade\",\"isPartOf\":{\"@id\":\"https:\\\/\\\/selfadhesives.fedrigoni.com\\\/pt\\\/#website\"},\"datePublished\":\"2021-03-02T14:10:02+00:00\",\"dateModified\":\"2023-02-07T18:21:16+00:00\",\"description\":\"As seguintes defini\u00e7\u00f5es dos termos utilizados neste documento s\u00e3o extra\u00eddas do art.4. do Regulamento Geral sobre Prote\u00e7\u00e3o de Dados (RGPD)\",\"breadcrumb\":{\"@id\":\"https:\\\/\\\/selfadhesives.fedrigoni.com\\\/pt\\\/politica-de-privacidade\\\/#breadcrumb\"},\"inLanguage\":\"pt\",\"potentialAction\":[{\"@type\":\"ReadAction\",\"target\":[\"https:\\\/\\\/selfadhesives.fedrigoni.com\\\/pt\\\/politica-de-privacidade\\\/\"]}]},{\"@type\":\"BreadcrumbList\",\"@id\":\"https:\\\/\\\/selfadhesives.fedrigoni.com\\\/pt\\\/politica-de-privacidade\\\/#breadcrumb\",\"itemListElement\":[{\"@type\":\"ListItem\",\"position\":1,\"name\":\"Home\",\"item\":\"https:\\\/\\\/selfadhesives.fedrigoni.com\\\/pt\\\/\"},{\"@type\":\"ListItem\",\"position\":2,\"name\":\"Pol\u00edtica de Privacidade\"}]},{\"@type\":\"WebSite\",\"@id\":\"https:\\\/\\\/selfadhesives.fedrigoni.com\\\/pt\\\/#website\",\"url\":\"https:\\\/\\\/selfadhesives.fedrigoni.com\\\/pt\\\/\",\"name\":\"Fedrigoni Self-Adhesives\",\"description\":\"Arconvert. Ritrama. Manter. This is Fedrigoni Self\u2011Adhesives.\",\"potentialAction\":[{\"@type\":\"SearchAction\",\"target\":{\"@type\":\"EntryPoint\",\"urlTemplate\":\"https:\\\/\\\/selfadhesives.fedrigoni.com\\\/pt\\\/?s={search_term_string}\"},\"query-input\":{\"@type\":\"PropertyValueSpecification\",\"valueRequired\":true,\"valueName\":\"search_term_string\"}}],\"inLanguage\":\"pt\"}]}<\/script>\n<!-- \/ Yoast SEO plugin. -->","yoast_head_json":{"title":"Pol\u00edtica de Privacidade","description":"As seguintes defini\u00e7\u00f5es dos termos utilizados neste documento s\u00e3o extra\u00eddas do art.4. do Regulamento Geral sobre Prote\u00e7\u00e3o de Dados (RGPD)","robots":{"index":"index","follow":"follow","max-snippet":"max-snippet:-1","max-image-preview":"max-image-preview:large","max-video-preview":"max-video-preview:-1"},"canonical":"https:\/\/selfadhesives.fedrigoni.com\/pt\/politica-de-privacidade\/","og_locale":"pt_PT","og_type":"article","og_title":"Pol\u00edtica de Privacidade","og_description":"As seguintes defini\u00e7\u00f5es dos termos utilizados neste documento s\u00e3o extra\u00eddas do art.4. do Regulamento Geral sobre Prote\u00e7\u00e3o de Dados (RGPD)","og_url":"https:\/\/selfadhesives.fedrigoni.com\/pt\/politica-de-privacidade\/","og_site_name":"Fedrigoni Self-Adhesives","article_modified_time":"2023-02-07T18:21:16+00:00","og_image":[{"width":1920,"height":1008,"url":"https:\/\/selfadhesives.fedrigoni.com\/wp-content\/uploads\/2022\/11\/share_cover.jpg","type":"image\/jpeg"}],"twitter_card":"summary_large_image","twitter_misc":{"Est. reading time":"8 minutes"},"schema":{"@context":"https:\/\/schema.org","@graph":[{"@type":"WebPage","@id":"https:\/\/selfadhesives.fedrigoni.com\/pt\/politica-de-privacidade\/","url":"https:\/\/selfadhesives.fedrigoni.com\/pt\/politica-de-privacidade\/","name":"Pol\u00edtica de Privacidade","isPartOf":{"@id":"https:\/\/selfadhesives.fedrigoni.com\/pt\/#website"},"datePublished":"2021-03-02T14:10:02+00:00","dateModified":"2023-02-07T18:21:16+00:00","description":"As seguintes defini\u00e7\u00f5es dos termos utilizados neste documento s\u00e3o extra\u00eddas do art.4. do Regulamento Geral sobre Prote\u00e7\u00e3o de Dados (RGPD)","breadcrumb":{"@id":"https:\/\/selfadhesives.fedrigoni.com\/pt\/politica-de-privacidade\/#breadcrumb"},"inLanguage":"pt","potentialAction":[{"@type":"ReadAction","target":["https:\/\/selfadhesives.fedrigoni.com\/pt\/politica-de-privacidade\/"]}]},{"@type":"BreadcrumbList","@id":"https:\/\/selfadhesives.fedrigoni.com\/pt\/politica-de-privacidade\/#breadcrumb","itemListElement":[{"@type":"ListItem","position":1,"name":"Home","item":"https:\/\/selfadhesives.fedrigoni.com\/pt\/"},{"@type":"ListItem","position":2,"name":"Pol\u00edtica de Privacidade"}]},{"@type":"WebSite","@id":"https:\/\/selfadhesives.fedrigoni.com\/pt\/#website","url":"https:\/\/selfadhesives.fedrigoni.com\/pt\/","name":"Fedrigoni Self-Adhesives","description":"Arconvert. Ritrama. Manter. This is Fedrigoni Self\u2011Adhesives.","potentialAction":[{"@type":"SearchAction","target":{"@type":"EntryPoint","urlTemplate":"https:\/\/selfadhesives.fedrigoni.com\/pt\/?s={search_term_string}"},"query-input":{"@type":"PropertyValueSpecification","valueRequired":true,"valueName":"search_term_string"}}],"inLanguage":"pt"}]}},"_links":{"self":[{"href":"https:\/\/selfadhesives.fedrigoni.com\/pt\/wp-json\/wp\/v2\/pages\/6735","targetHints":{"allow":["GET"]}}],"collection":[{"href":"https:\/\/selfadhesives.fedrigoni.com\/pt\/wp-json\/wp\/v2\/pages"}],"about":[{"href":"https:\/\/selfadhesives.fedrigoni.com\/pt\/wp-json\/wp\/v2\/types\/page"}],"author":[{"embeddable":true,"href":"https:\/\/selfadhesives.fedrigoni.com\/pt\/wp-json\/wp\/v2\/users\/11"}],"replies":[{"embeddable":true,"href":"https:\/\/selfadhesives.fedrigoni.com\/pt\/wp-json\/wp\/v2\/comments?post=6735"}],"version-history":[{"count":0,"href":"https:\/\/selfadhesives.fedrigoni.com\/pt\/wp-json\/wp\/v2\/pages\/6735\/revisions"}],"wp:attachment":[{"href":"https:\/\/selfadhesives.fedrigoni.com\/pt\/wp-json\/wp\/v2\/media?parent=6735"}],"curies":[{"name":"wp","href":"https:\/\/api.w.org\/{rel}","templated":true}]}}