{"id":6727,"date":"2021-03-02T14:44:52","date_gmt":"2021-03-02T14:44:52","guid":{"rendered":"https:\/\/selfadhesives.fedrigoni.com\/\/certificacoes\/"},"modified":"2022-03-21T10:45:12","modified_gmt":"2022-03-21T10:45:12","slug":"certificacoes","status":"publish","type":"page","link":"https:\/\/selfadhesives.fedrigoni.com\/pt\/certificacoes\/","title":{"rendered":"Certifica\u00e7\u00f5es"},"content":{"rendered":"","protected":false},"excerpt":{"rendered":"","protected":false},"author":11,"featured_media":0,"parent":0,"menu_order":0,"comment_status":"closed","ping_status":"closed","template":"page-certifications.php","meta":{"_acf_changed":false,"footnotes":""},"class_list":["post-6727","page","type-page","status-publish","hentry"],"acf":[],"yoast_head":"<!-- This site is optimized with the Yoast SEO plugin v27.3 - https:\/\/yoast.com\/product\/yoast-seo-wordpress\/ -->\n<title>Certifica\u00e7\u00f5es<\/title>\n<meta name=\"description\" content=\"Da qualidade dos nossos produtos. Das pessoas que trabalham conosco. Aqui voc\u00ea encontrar\u00e1 todas as nossas certifica\u00e7\u00f5es.\" \/>\n<meta name=\"robots\" content=\"index, follow, max-snippet:-1, max-image-preview:large, max-video-preview:-1\" \/>\n<link rel=\"canonical\" href=\"https:\/\/selfadhesives.fedrigoni.com\/pt\/certificacoes\/\" \/>\n<meta property=\"og:locale\" content=\"pt_PT\" \/>\n<meta property=\"og:type\" content=\"article\" \/>\n<meta property=\"og:title\" content=\"Certifica\u00e7\u00f5es\" \/>\n<meta property=\"og:description\" content=\"Da qualidade dos nossos produtos. Das pessoas que trabalham conosco. Aqui voc\u00ea encontrar\u00e1 todas as nossas certifica\u00e7\u00f5es.\" \/>\n<meta property=\"og:url\" content=\"https:\/\/selfadhesives.fedrigoni.com\/pt\/certificacoes\/\" \/>\n<meta property=\"og:site_name\" content=\"Fedrigoni Self-Adhesives\" \/>\n<meta property=\"article:modified_time\" content=\"2022-03-21T10:45:12+00:00\" \/>\n<meta property=\"og:image\" content=\"https:\/\/selfadhesives.fedrigoni.com\/wp-content\/uploads\/2022\/11\/share_cover.jpg\" \/>\n\t<meta property=\"og:image:width\" content=\"1920\" \/>\n\t<meta property=\"og:image:height\" content=\"1008\" \/>\n\t<meta property=\"og:image:type\" content=\"image\/jpeg\" \/>\n<meta name=\"twitter:card\" content=\"summary_large_image\" \/>\n<script type=\"application\/ld+json\" class=\"yoast-schema-graph\">{\"@context\":\"https:\\\/\\\/schema.org\",\"@graph\":[{\"@type\":\"WebPage\",\"@id\":\"https:\\\/\\\/selfadhesives.fedrigoni.com\\\/pt\\\/certificacoes\\\/\",\"url\":\"https:\\\/\\\/selfadhesives.fedrigoni.com\\\/pt\\\/certificacoes\\\/\",\"name\":\"Certifica\u00e7\u00f5es\",\"isPartOf\":{\"@id\":\"https:\\\/\\\/selfadhesives.fedrigoni.com\\\/pt\\\/#website\"},\"datePublished\":\"2021-03-02T14:44:52+00:00\",\"dateModified\":\"2022-03-21T10:45:12+00:00\",\"description\":\"Da qualidade dos nossos produtos. Das pessoas que trabalham conosco. Aqui voc\u00ea encontrar\u00e1 todas as nossas certifica\u00e7\u00f5es.\",\"breadcrumb\":{\"@id\":\"https:\\\/\\\/selfadhesives.fedrigoni.com\\\/pt\\\/certificacoes\\\/#breadcrumb\"},\"inLanguage\":\"pt\",\"potentialAction\":[{\"@type\":\"ReadAction\",\"target\":[\"https:\\\/\\\/selfadhesives.fedrigoni.com\\\/pt\\\/certificacoes\\\/\"]}]},{\"@type\":\"BreadcrumbList\",\"@id\":\"https:\\\/\\\/selfadhesives.fedrigoni.com\\\/pt\\\/certificacoes\\\/#breadcrumb\",\"itemListElement\":[{\"@type\":\"ListItem\",\"position\":1,\"name\":\"Home\",\"item\":\"https:\\\/\\\/selfadhesives.fedrigoni.com\\\/pt\\\/\"},{\"@type\":\"ListItem\",\"position\":2,\"name\":\"Certifica\u00e7\u00f5es\"}]},{\"@type\":\"WebSite\",\"@id\":\"https:\\\/\\\/selfadhesives.fedrigoni.com\\\/pt\\\/#website\",\"url\":\"https:\\\/\\\/selfadhesives.fedrigoni.com\\\/pt\\\/\",\"name\":\"Fedrigoni Self-Adhesives\",\"description\":\"Arconvert. Ritrama. Manter. This is Fedrigoni Self\u2011Adhesives.\",\"potentialAction\":[{\"@type\":\"SearchAction\",\"target\":{\"@type\":\"EntryPoint\",\"urlTemplate\":\"https:\\\/\\\/selfadhesives.fedrigoni.com\\\/pt\\\/?s={search_term_string}\"},\"query-input\":{\"@type\":\"PropertyValueSpecification\",\"valueRequired\":true,\"valueName\":\"search_term_string\"}}],\"inLanguage\":\"pt\"}]}<\/script>\n<!-- \/ Yoast SEO plugin. -->","yoast_head_json":{"title":"Certifica\u00e7\u00f5es","description":"Da qualidade dos nossos produtos. Das pessoas que trabalham conosco. Aqui voc\u00ea encontrar\u00e1 todas as nossas certifica\u00e7\u00f5es.","robots":{"index":"index","follow":"follow","max-snippet":"max-snippet:-1","max-image-preview":"max-image-preview:large","max-video-preview":"max-video-preview:-1"},"canonical":"https:\/\/selfadhesives.fedrigoni.com\/pt\/certificacoes\/","og_locale":"pt_PT","og_type":"article","og_title":"Certifica\u00e7\u00f5es","og_description":"Da qualidade dos nossos produtos. Das pessoas que trabalham conosco. Aqui voc\u00ea encontrar\u00e1 todas as nossas certifica\u00e7\u00f5es.","og_url":"https:\/\/selfadhesives.fedrigoni.com\/pt\/certificacoes\/","og_site_name":"Fedrigoni Self-Adhesives","article_modified_time":"2022-03-21T10:45:12+00:00","og_image":[{"width":1920,"height":1008,"url":"https:\/\/selfadhesives.fedrigoni.com\/wp-content\/uploads\/2022\/11\/share_cover.jpg","type":"image\/jpeg"}],"twitter_card":"summary_large_image","schema":{"@context":"https:\/\/schema.org","@graph":[{"@type":"WebPage","@id":"https:\/\/selfadhesives.fedrigoni.com\/pt\/certificacoes\/","url":"https:\/\/selfadhesives.fedrigoni.com\/pt\/certificacoes\/","name":"Certifica\u00e7\u00f5es","isPartOf":{"@id":"https:\/\/selfadhesives.fedrigoni.com\/pt\/#website"},"datePublished":"2021-03-02T14:44:52+00:00","dateModified":"2022-03-21T10:45:12+00:00","description":"Da qualidade dos nossos produtos. Das pessoas que trabalham conosco. Aqui voc\u00ea encontrar\u00e1 todas as nossas certifica\u00e7\u00f5es.","breadcrumb":{"@id":"https:\/\/selfadhesives.fedrigoni.com\/pt\/certificacoes\/#breadcrumb"},"inLanguage":"pt","potentialAction":[{"@type":"ReadAction","target":["https:\/\/selfadhesives.fedrigoni.com\/pt\/certificacoes\/"]}]},{"@type":"BreadcrumbList","@id":"https:\/\/selfadhesives.fedrigoni.com\/pt\/certificacoes\/#breadcrumb","itemListElement":[{"@type":"ListItem","position":1,"name":"Home","item":"https:\/\/selfadhesives.fedrigoni.com\/pt\/"},{"@type":"ListItem","position":2,"name":"Certifica\u00e7\u00f5es"}]},{"@type":"WebSite","@id":"https:\/\/selfadhesives.fedrigoni.com\/pt\/#website","url":"https:\/\/selfadhesives.fedrigoni.com\/pt\/","name":"Fedrigoni Self-Adhesives","description":"Arconvert. Ritrama. Manter. This is Fedrigoni Self\u2011Adhesives.","potentialAction":[{"@type":"SearchAction","target":{"@type":"EntryPoint","urlTemplate":"https:\/\/selfadhesives.fedrigoni.com\/pt\/?s={search_term_string}"},"query-input":{"@type":"PropertyValueSpecification","valueRequired":true,"valueName":"search_term_string"}}],"inLanguage":"pt"}]}},"_links":{"self":[{"href":"https:\/\/selfadhesives.fedrigoni.com\/pt\/wp-json\/wp\/v2\/pages\/6727","targetHints":{"allow":["GET"]}}],"collection":[{"href":"https:\/\/selfadhesives.fedrigoni.com\/pt\/wp-json\/wp\/v2\/pages"}],"about":[{"href":"https:\/\/selfadhesives.fedrigoni.com\/pt\/wp-json\/wp\/v2\/types\/page"}],"author":[{"embeddable":true,"href":"https:\/\/selfadhesives.fedrigoni.com\/pt\/wp-json\/wp\/v2\/users\/11"}],"replies":[{"embeddable":true,"href":"https:\/\/selfadhesives.fedrigoni.com\/pt\/wp-json\/wp\/v2\/comments?post=6727"}],"version-history":[{"count":0,"href":"https:\/\/selfadhesives.fedrigoni.com\/pt\/wp-json\/wp\/v2\/pages\/6727\/revisions"}],"wp:attachment":[{"href":"https:\/\/selfadhesives.fedrigoni.com\/pt\/wp-json\/wp\/v2\/media?parent=6727"}],"curies":[{"name":"wp","href":"https:\/\/api.w.org\/{rel}","templated":true}]}}