{"id":16031,"date":"2025-06-18T12:19:25","date_gmt":"2025-06-18T12:19:25","guid":{"rendered":"https:\/\/selfadhesives.fedrigoni.com\/about-us\/"},"modified":"2025-09-02T13:53:09","modified_gmt":"2025-09-02T13:53:09","slug":"qui-sommes-nous","status":"publish","type":"page","link":"https:\/\/selfadhesives.fedrigoni.com\/fr\/qui-sommes-nous\/","title":{"rendered":"Qui sommes-nous"},"content":{"rendered":"","protected":false},"excerpt":{"rendered":"","protected":false},"author":11,"featured_media":0,"parent":0,"menu_order":0,"comment_status":"closed","ping_status":"closed","template":"page-flexible-contents-new.php","meta":{"_acf_changed":false,"footnotes":""},"class_list":["post-16031","page","type-page","status-publish","hentry"],"acf":[],"yoast_head":"<!-- This site is optimized with the Yoast SEO plugin v27.3 - https:\/\/yoast.com\/product\/yoast-seo-wordpress\/ -->\n<title>\u00c0 propos de nous : fournisseur de mat\u00e9riaux auto\u2011adh\u00e9sifs | FSA<\/title>\n<meta name=\"description\" content=\"Nous cr\u00e9ons des mat\u00e9riaux auto\u2011adh\u00e9sifs innovants et responsables pour transformer les id\u00e9es en r\u00e9sultats concrets \u2014 pour ...\" \/>\n<meta name=\"robots\" content=\"index, follow, max-snippet:-1, max-image-preview:large, max-video-preview:-1\" \/>\n<link rel=\"canonical\" href=\"https:\/\/selfadhesives.fedrigoni.com\/fr\/qui-sommes-nous\/\" \/>\n<meta property=\"og:locale\" content=\"fr_FR\" \/>\n<meta property=\"og:type\" content=\"article\" \/>\n<meta property=\"og:title\" content=\"\u00c0 propos de nous : fournisseur de mat\u00e9riaux auto\u2011adh\u00e9sifs | FSA\" \/>\n<meta property=\"og:description\" content=\"Nous cr\u00e9ons des mat\u00e9riaux auto\u2011adh\u00e9sifs innovants et responsables pour transformer les id\u00e9es en r\u00e9sultats concrets \u2014 pour transformateurs, designers et marques \u2014 livr\u00e9s dans le monde entier, avec soin et pr\u00e9cision.\" \/>\n<meta property=\"og:url\" content=\"https:\/\/selfadhesives.fedrigoni.com\/fr\/qui-sommes-nous\/\" \/>\n<meta property=\"og:site_name\" content=\"Fedrigoni Self-Adhesives\" \/>\n<meta property=\"article:modified_time\" content=\"2025-09-02T13:53:09+00:00\" \/>\n<meta property=\"og:image\" content=\"https:\/\/selfadhesives.fedrigoni.com\/wp-content\/uploads\/2025\/06\/about-hero.jpg\" \/>\n\t<meta property=\"og:image:width\" content=\"1920\" \/>\n\t<meta property=\"og:image:height\" content=\"1008\" \/>\n\t<meta property=\"og:image:type\" content=\"image\/jpeg\" \/>\n<meta name=\"twitter:card\" content=\"summary_large_image\" \/>\n<script type=\"application\/ld+json\" class=\"yoast-schema-graph\">{\"@context\":\"https:\\\/\\\/schema.org\",\"@graph\":[{\"@type\":\"WebPage\",\"@id\":\"https:\\\/\\\/selfadhesives.fedrigoni.com\\\/fr\\\/qui-sommes-nous\\\/\",\"url\":\"https:\\\/\\\/selfadhesives.fedrigoni.com\\\/fr\\\/qui-sommes-nous\\\/\",\"name\":\"\u00c0 propos de nous : fournisseur de mat\u00e9riaux auto\u2011adh\u00e9sifs | FSA\",\"isPartOf\":{\"@id\":\"https:\\\/\\\/selfadhesives.fedrigoni.com\\\/fr\\\/#website\"},\"datePublished\":\"2025-06-18T12:19:25+00:00\",\"dateModified\":\"2025-09-02T13:53:09+00:00\",\"description\":\"Nous cr\u00e9ons des mat\u00e9riaux auto\u2011adh\u00e9sifs innovants et responsables pour transformer les id\u00e9es en r\u00e9sultats concrets \u2014 pour transformateurs, designers et marques \u2014 livr\u00e9s dans le monde entier, avec soin et pr\u00e9cision.\",\"breadcrumb\":{\"@id\":\"https:\\\/\\\/selfadhesives.fedrigoni.com\\\/fr\\\/qui-sommes-nous\\\/#breadcrumb\"},\"inLanguage\":\"fr-FR\",\"potentialAction\":[{\"@type\":\"ReadAction\",\"target\":[\"https:\\\/\\\/selfadhesives.fedrigoni.com\\\/fr\\\/qui-sommes-nous\\\/\"]}]},{\"@type\":\"BreadcrumbList\",\"@id\":\"https:\\\/\\\/selfadhesives.fedrigoni.com\\\/fr\\\/qui-sommes-nous\\\/#breadcrumb\",\"itemListElement\":[{\"@type\":\"ListItem\",\"position\":1,\"name\":\"Home\",\"item\":\"https:\\\/\\\/selfadhesives.fedrigoni.com\\\/fr\\\/\"},{\"@type\":\"ListItem\",\"position\":2,\"name\":\"Qui sommes-nous\"}]},{\"@type\":\"WebSite\",\"@id\":\"https:\\\/\\\/selfadhesives.fedrigoni.com\\\/fr\\\/#website\",\"url\":\"https:\\\/\\\/selfadhesives.fedrigoni.com\\\/fr\\\/\",\"name\":\"Fedrigoni Self-Adhesives\",\"description\":\"Arconvert. Ritrama. Manter. This is Fedrigoni Self\u2011Adhesives.\",\"potentialAction\":[{\"@type\":\"SearchAction\",\"target\":{\"@type\":\"EntryPoint\",\"urlTemplate\":\"https:\\\/\\\/selfadhesives.fedrigoni.com\\\/fr\\\/?s={search_term_string}\"},\"query-input\":{\"@type\":\"PropertyValueSpecification\",\"valueRequired\":true,\"valueName\":\"search_term_string\"}}],\"inLanguage\":\"fr-FR\"}]}<\/script>\n<!-- \/ Yoast SEO plugin. -->","yoast_head_json":{"title":"\u00c0 propos de nous : fournisseur de mat\u00e9riaux auto\u2011adh\u00e9sifs | FSA","description":"Nous cr\u00e9ons des mat\u00e9riaux auto\u2011adh\u00e9sifs innovants et responsables pour transformer les id\u00e9es en r\u00e9sultats concrets \u2014 pour ...","robots":{"index":"index","follow":"follow","max-snippet":"max-snippet:-1","max-image-preview":"max-image-preview:large","max-video-preview":"max-video-preview:-1"},"canonical":"https:\/\/selfadhesives.fedrigoni.com\/fr\/qui-sommes-nous\/","og_locale":"fr_FR","og_type":"article","og_title":"\u00c0 propos de nous : fournisseur de mat\u00e9riaux auto\u2011adh\u00e9sifs | FSA","og_description":"Nous cr\u00e9ons des mat\u00e9riaux auto\u2011adh\u00e9sifs innovants et responsables pour transformer les id\u00e9es en r\u00e9sultats concrets \u2014 pour transformateurs, designers et marques \u2014 livr\u00e9s dans le monde entier, avec soin et pr\u00e9cision.","og_url":"https:\/\/selfadhesives.fedrigoni.com\/fr\/qui-sommes-nous\/","og_site_name":"Fedrigoni Self-Adhesives","article_modified_time":"2025-09-02T13:53:09+00:00","og_image":[{"width":1920,"height":1008,"url":"https:\/\/selfadhesives.fedrigoni.com\/wp-content\/uploads\/2025\/06\/about-hero.jpg","type":"image\/jpeg"}],"twitter_card":"summary_large_image","schema":{"@context":"https:\/\/schema.org","@graph":[{"@type":"WebPage","@id":"https:\/\/selfadhesives.fedrigoni.com\/fr\/qui-sommes-nous\/","url":"https:\/\/selfadhesives.fedrigoni.com\/fr\/qui-sommes-nous\/","name":"\u00c0 propos de nous : fournisseur de mat\u00e9riaux auto\u2011adh\u00e9sifs | FSA","isPartOf":{"@id":"https:\/\/selfadhesives.fedrigoni.com\/fr\/#website"},"datePublished":"2025-06-18T12:19:25+00:00","dateModified":"2025-09-02T13:53:09+00:00","description":"Nous cr\u00e9ons des mat\u00e9riaux auto\u2011adh\u00e9sifs innovants et responsables pour transformer les id\u00e9es en r\u00e9sultats concrets \u2014 pour transformateurs, designers et marques \u2014 livr\u00e9s dans le monde entier, avec soin et pr\u00e9cision.","breadcrumb":{"@id":"https:\/\/selfadhesives.fedrigoni.com\/fr\/qui-sommes-nous\/#breadcrumb"},"inLanguage":"fr-FR","potentialAction":[{"@type":"ReadAction","target":["https:\/\/selfadhesives.fedrigoni.com\/fr\/qui-sommes-nous\/"]}]},{"@type":"BreadcrumbList","@id":"https:\/\/selfadhesives.fedrigoni.com\/fr\/qui-sommes-nous\/#breadcrumb","itemListElement":[{"@type":"ListItem","position":1,"name":"Home","item":"https:\/\/selfadhesives.fedrigoni.com\/fr\/"},{"@type":"ListItem","position":2,"name":"Qui sommes-nous"}]},{"@type":"WebSite","@id":"https:\/\/selfadhesives.fedrigoni.com\/fr\/#website","url":"https:\/\/selfadhesives.fedrigoni.com\/fr\/","name":"Fedrigoni Self-Adhesives","description":"Arconvert. Ritrama. Manter. This is Fedrigoni Self\u2011Adhesives.","potentialAction":[{"@type":"SearchAction","target":{"@type":"EntryPoint","urlTemplate":"https:\/\/selfadhesives.fedrigoni.com\/fr\/?s={search_term_string}"},"query-input":{"@type":"PropertyValueSpecification","valueRequired":true,"valueName":"search_term_string"}}],"inLanguage":"fr-FR"}]}},"_links":{"self":[{"href":"https:\/\/selfadhesives.fedrigoni.com\/fr\/wp-json\/wp\/v2\/pages\/16031","targetHints":{"allow":["GET"]}}],"collection":[{"href":"https:\/\/selfadhesives.fedrigoni.com\/fr\/wp-json\/wp\/v2\/pages"}],"about":[{"href":"https:\/\/selfadhesives.fedrigoni.com\/fr\/wp-json\/wp\/v2\/types\/page"}],"author":[{"embeddable":true,"href":"https:\/\/selfadhesives.fedrigoni.com\/fr\/wp-json\/wp\/v2\/users\/11"}],"replies":[{"embeddable":true,"href":"https:\/\/selfadhesives.fedrigoni.com\/fr\/wp-json\/wp\/v2\/comments?post=16031"}],"version-history":[{"count":0,"href":"https:\/\/selfadhesives.fedrigoni.com\/fr\/wp-json\/wp\/v2\/pages\/16031\/revisions"}],"wp:attachment":[{"href":"https:\/\/selfadhesives.fedrigoni.com\/fr\/wp-json\/wp\/v2\/media?parent=16031"}],"curies":[{"name":"wp","href":"https:\/\/api.w.org\/{rel}","templated":true}]}}