{"id":2710,"date":"2021-03-02T14:10:02","date_gmt":"2021-03-02T14:10:02","guid":{"rendered":"https:\/\/selfadhesives.fedrigoni.com\/\/\/privacy-policy\/"},"modified":"2025-10-17T15:31:43","modified_gmt":"2025-10-17T15:31:43","slug":"privacy-policy","status":"publish","type":"page","link":"https:\/\/selfadhesives.fedrigoni.com\/es\/privacy-policy\/","title":{"rendered":"Privacy Policy"},"content":{"rendered":"<h4>AVISO DE PRIVACIDAD CONFORME AL ART\u00cdCULO 13 DEL REGLAMENTO (UE) 2016\/679 \u2013 USUARIOS DE PORTALES WEB<\/h4>\n<p>&nbsp;<\/p>\n<p>&nbsp;<\/p>\n<p style=\"text-align: center;\"><a href=\"\/wp-content\/uploads\/2023\/02\/Fedrigoni_Informativa-portali-web_20220516_ES-1.pdf\" target=\"_blank\" rel=\"noopener\">Fedrigoni S.p.A.<\/a><\/p>\n<p><a href=\"\/wp-content\/uploads\/2023\/02\/Ritrama-S.p.A._Informativa-portali-web_ES.pdf\" target=\"_blank\" rel=\"noopener\">Ritrama S.p.A.<\/a><\/p>\n<p><a href=\"\/wp-content\/uploads\/2023\/02\/Arconvert-S.p.A._Informativa-portali-web_ES.pdf\" target=\"_blank\" rel=\"noopener\">Arconvert S.p.A.<\/a><\/p>\n","protected":false},"excerpt":{"rendered":"<p>AVISO DE PRIVACIDAD CONFORME AL ART\u00cdCULO 13 DEL REGLAMENTO (UE) 2016\/679 \u2013 USUARIOS DE PORTALES WEB &nbsp; &nbsp; Fedrigoni S.p.A. Ritrama S.p.A. Arconvert S.p.A.<\/p>\n","protected":false},"author":11,"featured_media":0,"parent":0,"menu_order":0,"comment_status":"closed","ping_status":"closed","template":"","meta":{"_acf_changed":false,"footnotes":""},"class_list":["post-2710","page","type-page","status-publish","hentry"],"acf":[],"yoast_head":"<!-- This site is optimized with the Yoast SEO plugin v27.4 - https:\/\/yoast.com\/product\/yoast-seo-wordpress\/ -->\n<title>Privacy Policy ES | Self-Adhesives<\/title>\n<meta name=\"description\" content=\"Definiciones de t\u00e9rminos utilizados en este documento se han tomado del art.4 Reglamento General de Protecci\u00f3n Datos Personales-Uni\u00f3n Europea\" \/>\n<meta name=\"robots\" content=\"index, follow, max-snippet:-1, max-image-preview:large, max-video-preview:-1\" \/>\n<link rel=\"canonical\" href=\"https:\/\/selfadhesives.fedrigoni.com\/es\/privacy-policy\/\" \/>\n<meta property=\"og:locale\" content=\"es_ES\" \/>\n<meta property=\"og:type\" content=\"article\" \/>\n<meta property=\"og:title\" content=\"Privacy Policy ES | Self-Adhesives\" \/>\n<meta property=\"og:description\" content=\"Definiciones de t\u00e9rminos utilizados en este documento se han tomado del art.4 Reglamento General de Protecci\u00f3n Datos Personales-Uni\u00f3n Europea\" \/>\n<meta property=\"og:url\" content=\"https:\/\/selfadhesives.fedrigoni.com\/es\/privacy-policy\/\" \/>\n<meta property=\"og:site_name\" content=\"Fedrigoni Self-Adhesives\" \/>\n<meta property=\"article:modified_time\" content=\"2025-10-17T15:31:43+00:00\" \/>\n<meta property=\"og:image\" content=\"https:\/\/selfadhesives.fedrigoni.com\/wp-content\/uploads\/2022\/11\/share_cover.jpg\" \/>\n\t<meta property=\"og:image:width\" content=\"1920\" \/>\n\t<meta property=\"og:image:height\" content=\"1008\" \/>\n\t<meta property=\"og:image:type\" content=\"image\/jpeg\" \/>\n<meta name=\"twitter:card\" content=\"summary_large_image\" \/>\n<meta name=\"twitter:label1\" content=\"Tiempo de lectura\" \/>\n\t<meta name=\"twitter:data1\" content=\"1 minuto\" \/>\n<script type=\"application\/ld+json\" class=\"yoast-schema-graph\">{\"@context\":\"https:\\\/\\\/schema.org\",\"@graph\":[{\"@type\":\"WebPage\",\"@id\":\"https:\\\/\\\/selfadhesives.fedrigoni.com\\\/es\\\/privacy-policy\\\/\",\"url\":\"https:\\\/\\\/selfadhesives.fedrigoni.com\\\/es\\\/privacy-policy\\\/\",\"name\":\"Privacy Policy ES | Self-Adhesives\",\"isPartOf\":{\"@id\":\"https:\\\/\\\/selfadhesives.fedrigoni.com\\\/es\\\/#website\"},\"datePublished\":\"2021-03-02T14:10:02+00:00\",\"dateModified\":\"2025-10-17T15:31:43+00:00\",\"description\":\"Definiciones de t\u00e9rminos utilizados en este documento se han tomado del art.4 Reglamento General de Protecci\u00f3n Datos Personales-Uni\u00f3n Europea\",\"breadcrumb\":{\"@id\":\"https:\\\/\\\/selfadhesives.fedrigoni.com\\\/es\\\/privacy-policy\\\/#breadcrumb\"},\"inLanguage\":\"es\",\"potentialAction\":[{\"@type\":\"ReadAction\",\"target\":[\"https:\\\/\\\/selfadhesives.fedrigoni.com\\\/es\\\/privacy-policy\\\/\"]}]},{\"@type\":\"BreadcrumbList\",\"@id\":\"https:\\\/\\\/selfadhesives.fedrigoni.com\\\/es\\\/privacy-policy\\\/#breadcrumb\",\"itemListElement\":[{\"@type\":\"ListItem\",\"position\":1,\"name\":\"Home\",\"item\":\"https:\\\/\\\/selfadhesives.fedrigoni.com\\\/es\\\/\"},{\"@type\":\"ListItem\",\"position\":2,\"name\":\"Privacy Policy\"}]},{\"@type\":\"WebSite\",\"@id\":\"https:\\\/\\\/selfadhesives.fedrigoni.com\\\/es\\\/#website\",\"url\":\"https:\\\/\\\/selfadhesives.fedrigoni.com\\\/es\\\/\",\"name\":\"Fedrigoni Self-Adhesives\",\"description\":\"Arconvert. Ritrama. Manter. This is Fedrigoni Self\u2011Adhesives.\",\"potentialAction\":[{\"@type\":\"SearchAction\",\"target\":{\"@type\":\"EntryPoint\",\"urlTemplate\":\"https:\\\/\\\/selfadhesives.fedrigoni.com\\\/es\\\/?s={search_term_string}\"},\"query-input\":{\"@type\":\"PropertyValueSpecification\",\"valueRequired\":true,\"valueName\":\"search_term_string\"}}],\"inLanguage\":\"es\"}]}<\/script>\n<!-- \/ Yoast SEO plugin. -->","yoast_head_json":{"title":"Privacy Policy ES | Self-Adhesives","description":"Definiciones de t\u00e9rminos utilizados en este documento se han tomado del art.4 Reglamento General de Protecci\u00f3n Datos Personales-Uni\u00f3n Europea","robots":{"index":"index","follow":"follow","max-snippet":"max-snippet:-1","max-image-preview":"max-image-preview:large","max-video-preview":"max-video-preview:-1"},"canonical":"https:\/\/selfadhesives.fedrigoni.com\/es\/privacy-policy\/","og_locale":"es_ES","og_type":"article","og_title":"Privacy Policy ES | Self-Adhesives","og_description":"Definiciones de t\u00e9rminos utilizados en este documento se han tomado del art.4 Reglamento General de Protecci\u00f3n Datos Personales-Uni\u00f3n Europea","og_url":"https:\/\/selfadhesives.fedrigoni.com\/es\/privacy-policy\/","og_site_name":"Fedrigoni Self-Adhesives","article_modified_time":"2025-10-17T15:31:43+00:00","og_image":[{"width":1920,"height":1008,"url":"https:\/\/selfadhesives.fedrigoni.com\/wp-content\/uploads\/2022\/11\/share_cover.jpg","type":"image\/jpeg"}],"twitter_card":"summary_large_image","twitter_misc":{"Tiempo de lectura":"1 minuto"},"schema":{"@context":"https:\/\/schema.org","@graph":[{"@type":"WebPage","@id":"https:\/\/selfadhesives.fedrigoni.com\/es\/privacy-policy\/","url":"https:\/\/selfadhesives.fedrigoni.com\/es\/privacy-policy\/","name":"Privacy Policy ES | Self-Adhesives","isPartOf":{"@id":"https:\/\/selfadhesives.fedrigoni.com\/es\/#website"},"datePublished":"2021-03-02T14:10:02+00:00","dateModified":"2025-10-17T15:31:43+00:00","description":"Definiciones de t\u00e9rminos utilizados en este documento se han tomado del art.4 Reglamento General de Protecci\u00f3n Datos Personales-Uni\u00f3n Europea","breadcrumb":{"@id":"https:\/\/selfadhesives.fedrigoni.com\/es\/privacy-policy\/#breadcrumb"},"inLanguage":"es","potentialAction":[{"@type":"ReadAction","target":["https:\/\/selfadhesives.fedrigoni.com\/es\/privacy-policy\/"]}]},{"@type":"BreadcrumbList","@id":"https:\/\/selfadhesives.fedrigoni.com\/es\/privacy-policy\/#breadcrumb","itemListElement":[{"@type":"ListItem","position":1,"name":"Home","item":"https:\/\/selfadhesives.fedrigoni.com\/es\/"},{"@type":"ListItem","position":2,"name":"Privacy Policy"}]},{"@type":"WebSite","@id":"https:\/\/selfadhesives.fedrigoni.com\/es\/#website","url":"https:\/\/selfadhesives.fedrigoni.com\/es\/","name":"Fedrigoni Self-Adhesives","description":"Arconvert. Ritrama. Manter. This is Fedrigoni Self\u2011Adhesives.","potentialAction":[{"@type":"SearchAction","target":{"@type":"EntryPoint","urlTemplate":"https:\/\/selfadhesives.fedrigoni.com\/es\/?s={search_term_string}"},"query-input":{"@type":"PropertyValueSpecification","valueRequired":true,"valueName":"search_term_string"}}],"inLanguage":"es"}]}},"_links":{"self":[{"href":"https:\/\/selfadhesives.fedrigoni.com\/es\/wp-json\/wp\/v2\/pages\/2710","targetHints":{"allow":["GET"]}}],"collection":[{"href":"https:\/\/selfadhesives.fedrigoni.com\/es\/wp-json\/wp\/v2\/pages"}],"about":[{"href":"https:\/\/selfadhesives.fedrigoni.com\/es\/wp-json\/wp\/v2\/types\/page"}],"author":[{"embeddable":true,"href":"https:\/\/selfadhesives.fedrigoni.com\/es\/wp-json\/wp\/v2\/users\/11"}],"replies":[{"embeddable":true,"href":"https:\/\/selfadhesives.fedrigoni.com\/es\/wp-json\/wp\/v2\/comments?post=2710"}],"version-history":[{"count":0,"href":"https:\/\/selfadhesives.fedrigoni.com\/es\/wp-json\/wp\/v2\/pages\/2710\/revisions"}],"wp:attachment":[{"href":"https:\/\/selfadhesives.fedrigoni.com\/es\/wp-json\/wp\/v2\/media?parent=2710"}],"curies":[{"name":"wp","href":"https:\/\/api.w.org\/{rel}","templated":true}]}}