{"id":1841,"date":"2021-03-02T14:44:00","date_gmt":"2021-03-02T14:44:00","guid":{"rendered":"https:\/\/selfadhesives.fedrigoni.com\/\/\/about-us\/"},"modified":"2025-08-29T09:54:43","modified_gmt":"2025-08-29T09:54:43","slug":"quienes-somos-old","status":"publish","type":"page","link":"https:\/\/selfadhesives.fedrigoni.com\/es\/quienes-somos-old\/","title":{"rendered":"Qui\u00e9nes somos OLD"},"content":{"rendered":"<p>&nbsp;<\/p>\n<p>&nbsp;<\/p>\n<p>&nbsp;<\/p>\n<p>&nbsp;<\/p>\n<p>&nbsp;<\/p>\n<p>&nbsp;<\/p>\n","protected":false},"excerpt":{"rendered":"<p>&nbsp; &nbsp; &nbsp; &nbsp; &nbsp; &nbsp;<\/p>\n","protected":false},"author":11,"featured_media":0,"parent":0,"menu_order":0,"comment_status":"closed","ping_status":"closed","template":"page-flexible.php","meta":{"_acf_changed":false,"footnotes":""},"class_list":["post-1841","page","type-page","status-publish","hentry"],"acf":[],"yoast_head":"<!-- This site is optimized with the Yoast SEO plugin v27.3 - https:\/\/yoast.com\/product\/yoast-seo-wordpress\/ -->\n<title>Qui\u00e9nes Somos - Empresa y Grupo<\/title>\n<meta name=\"description\" content=\"Fedrigoni es una de las empresas l\u00edderes en el sector del papel autoadhesivo. Descubra nuestro enfoque, filosof\u00eda y lo que nos diferencia de los ...\" \/>\n<meta name=\"robots\" content=\"index, follow, max-snippet:-1, max-image-preview:large, max-video-preview:-1\" \/>\n<link rel=\"canonical\" href=\"https:\/\/selfadhesives.fedrigoni.com\/es\/quienes-somos-old\/\" \/>\n<meta property=\"og:locale\" content=\"es_ES\" \/>\n<meta property=\"og:type\" content=\"article\" \/>\n<meta property=\"og:title\" content=\"Qui\u00e9nes Somos - Empresa y Grupo\" \/>\n<meta property=\"og:description\" content=\"Fedrigoni es una de las empresas l\u00edderes en el sector del papel autoadhesivo. Descubra nuestro enfoque, filosof\u00eda y lo que nos diferencia de los dem\u00e1s.\" \/>\n<meta property=\"og:url\" content=\"https:\/\/selfadhesives.fedrigoni.com\/es\/quienes-somos-old\/\" \/>\n<meta property=\"og:site_name\" content=\"Fedrigoni Self-Adhesives\" \/>\n<meta property=\"article:modified_time\" content=\"2025-08-29T09:54:43+00:00\" \/>\n<meta property=\"og:image\" content=\"https:\/\/selfadhesives.fedrigoni.com\/wp-content\/uploads\/2021\/03\/About-Us_1_HERO_LOM_2020_10_07_394-1.jpg\" \/>\n\t<meta property=\"og:image:width\" content=\"1920\" \/>\n\t<meta property=\"og:image:height\" content=\"1008\" \/>\n\t<meta property=\"og:image:type\" content=\"image\/jpeg\" \/>\n<meta name=\"twitter:card\" content=\"summary_large_image\" \/>\n<script type=\"application\/ld+json\" class=\"yoast-schema-graph\">{\"@context\":\"https:\\\/\\\/schema.org\",\"@graph\":[{\"@type\":\"WebPage\",\"@id\":\"https:\\\/\\\/selfadhesives.fedrigoni.com\\\/es\\\/quienes-somos-old\\\/\",\"url\":\"https:\\\/\\\/selfadhesives.fedrigoni.com\\\/es\\\/quienes-somos-old\\\/\",\"name\":\"Qui\u00e9nes Somos - Empresa y Grupo\",\"isPartOf\":{\"@id\":\"https:\\\/\\\/selfadhesives.fedrigoni.com\\\/es\\\/#website\"},\"datePublished\":\"2021-03-02T14:44:00+00:00\",\"dateModified\":\"2025-08-29T09:54:43+00:00\",\"description\":\"Fedrigoni es una de las empresas l\u00edderes en el sector del papel autoadhesivo. Descubra nuestro enfoque, filosof\u00eda y lo que nos diferencia de los dem\u00e1s.\",\"breadcrumb\":{\"@id\":\"https:\\\/\\\/selfadhesives.fedrigoni.com\\\/es\\\/quienes-somos-old\\\/#breadcrumb\"},\"inLanguage\":\"es\",\"potentialAction\":[{\"@type\":\"ReadAction\",\"target\":[\"https:\\\/\\\/selfadhesives.fedrigoni.com\\\/es\\\/quienes-somos-old\\\/\"]}]},{\"@type\":\"BreadcrumbList\",\"@id\":\"https:\\\/\\\/selfadhesives.fedrigoni.com\\\/es\\\/quienes-somos-old\\\/#breadcrumb\",\"itemListElement\":[{\"@type\":\"ListItem\",\"position\":1,\"name\":\"Home\",\"item\":\"https:\\\/\\\/selfadhesives.fedrigoni.com\\\/es\\\/\"},{\"@type\":\"ListItem\",\"position\":2,\"name\":\"Qui\u00e9nes somos OLD\"}]},{\"@type\":\"WebSite\",\"@id\":\"https:\\\/\\\/selfadhesives.fedrigoni.com\\\/es\\\/#website\",\"url\":\"https:\\\/\\\/selfadhesives.fedrigoni.com\\\/es\\\/\",\"name\":\"Fedrigoni Self-Adhesives\",\"description\":\"Arconvert. Ritrama. Manter. This is Fedrigoni Self\u2011Adhesives.\",\"potentialAction\":[{\"@type\":\"SearchAction\",\"target\":{\"@type\":\"EntryPoint\",\"urlTemplate\":\"https:\\\/\\\/selfadhesives.fedrigoni.com\\\/es\\\/?s={search_term_string}\"},\"query-input\":{\"@type\":\"PropertyValueSpecification\",\"valueRequired\":true,\"valueName\":\"search_term_string\"}}],\"inLanguage\":\"es\"}]}<\/script>\n<!-- \/ Yoast SEO plugin. -->","yoast_head_json":{"title":"Qui\u00e9nes Somos - Empresa y Grupo","description":"Fedrigoni es una de las empresas l\u00edderes en el sector del papel autoadhesivo. Descubra nuestro enfoque, filosof\u00eda y lo que nos diferencia de los ...","robots":{"index":"index","follow":"follow","max-snippet":"max-snippet:-1","max-image-preview":"max-image-preview:large","max-video-preview":"max-video-preview:-1"},"canonical":"https:\/\/selfadhesives.fedrigoni.com\/es\/quienes-somos-old\/","og_locale":"es_ES","og_type":"article","og_title":"Qui\u00e9nes Somos - Empresa y Grupo","og_description":"Fedrigoni es una de las empresas l\u00edderes en el sector del papel autoadhesivo. Descubra nuestro enfoque, filosof\u00eda y lo que nos diferencia de los dem\u00e1s.","og_url":"https:\/\/selfadhesives.fedrigoni.com\/es\/quienes-somos-old\/","og_site_name":"Fedrigoni Self-Adhesives","article_modified_time":"2025-08-29T09:54:43+00:00","og_image":[{"width":1920,"height":1008,"url":"https:\/\/selfadhesives.fedrigoni.com\/wp-content\/uploads\/2021\/03\/About-Us_1_HERO_LOM_2020_10_07_394-1.jpg","type":"image\/jpeg"}],"twitter_card":"summary_large_image","schema":{"@context":"https:\/\/schema.org","@graph":[{"@type":"WebPage","@id":"https:\/\/selfadhesives.fedrigoni.com\/es\/quienes-somos-old\/","url":"https:\/\/selfadhesives.fedrigoni.com\/es\/quienes-somos-old\/","name":"Qui\u00e9nes Somos - Empresa y Grupo","isPartOf":{"@id":"https:\/\/selfadhesives.fedrigoni.com\/es\/#website"},"datePublished":"2021-03-02T14:44:00+00:00","dateModified":"2025-08-29T09:54:43+00:00","description":"Fedrigoni es una de las empresas l\u00edderes en el sector del papel autoadhesivo. Descubra nuestro enfoque, filosof\u00eda y lo que nos diferencia de los dem\u00e1s.","breadcrumb":{"@id":"https:\/\/selfadhesives.fedrigoni.com\/es\/quienes-somos-old\/#breadcrumb"},"inLanguage":"es","potentialAction":[{"@type":"ReadAction","target":["https:\/\/selfadhesives.fedrigoni.com\/es\/quienes-somos-old\/"]}]},{"@type":"BreadcrumbList","@id":"https:\/\/selfadhesives.fedrigoni.com\/es\/quienes-somos-old\/#breadcrumb","itemListElement":[{"@type":"ListItem","position":1,"name":"Home","item":"https:\/\/selfadhesives.fedrigoni.com\/es\/"},{"@type":"ListItem","position":2,"name":"Qui\u00e9nes somos OLD"}]},{"@type":"WebSite","@id":"https:\/\/selfadhesives.fedrigoni.com\/es\/#website","url":"https:\/\/selfadhesives.fedrigoni.com\/es\/","name":"Fedrigoni Self-Adhesives","description":"Arconvert. Ritrama. Manter. This is Fedrigoni Self\u2011Adhesives.","potentialAction":[{"@type":"SearchAction","target":{"@type":"EntryPoint","urlTemplate":"https:\/\/selfadhesives.fedrigoni.com\/es\/?s={search_term_string}"},"query-input":{"@type":"PropertyValueSpecification","valueRequired":true,"valueName":"search_term_string"}}],"inLanguage":"es"}]}},"_links":{"self":[{"href":"https:\/\/selfadhesives.fedrigoni.com\/es\/wp-json\/wp\/v2\/pages\/1841","targetHints":{"allow":["GET"]}}],"collection":[{"href":"https:\/\/selfadhesives.fedrigoni.com\/es\/wp-json\/wp\/v2\/pages"}],"about":[{"href":"https:\/\/selfadhesives.fedrigoni.com\/es\/wp-json\/wp\/v2\/types\/page"}],"author":[{"embeddable":true,"href":"https:\/\/selfadhesives.fedrigoni.com\/es\/wp-json\/wp\/v2\/users\/11"}],"replies":[{"embeddable":true,"href":"https:\/\/selfadhesives.fedrigoni.com\/es\/wp-json\/wp\/v2\/comments?post=1841"}],"version-history":[{"count":0,"href":"https:\/\/selfadhesives.fedrigoni.com\/es\/wp-json\/wp\/v2\/pages\/1841\/revisions"}],"wp:attachment":[{"href":"https:\/\/selfadhesives.fedrigoni.com\/es\/wp-json\/wp\/v2\/media?parent=1841"}],"curies":[{"name":"wp","href":"https:\/\/api.w.org\/{rel}","templated":true}]}}