{"id":4772,"date":"2021-03-02T14:10:02","date_gmt":"2021-03-02T14:10:02","guid":{"rendered":"https:\/\/selfadhesives.fedrigoni.com\/\/\/privacy-policy\/"},"modified":"2023-02-07T18:15:11","modified_gmt":"2023-02-07T18:15:11","slug":"datenschutzerklaerung","status":"publish","type":"page","link":"https:\/\/selfadhesives.fedrigoni.com\/de\/datenschutzerklaerung\/","title":{"rendered":"Datenschutzerkl\u00e4rung"},"content":{"rendered":"<h4>DATENSCHUTZERKL\u00c4RUNG GEM\u00c4SS ARTIKEL 13 DER EU-VERORDNUNG 2016\/679 \u2013 NUTZER DER WEBSITE<\/h4>\n<p>&nbsp;<\/p>\n<p>&nbsp;<\/p>\n<p style=\"text-align:center\">\n<a href=\"\/wp-content\/uploads\/2023\/02\/Fedrigoni_Informativa-portali-web_20220516_DE.pdf\" target=\"_blank\" rel=\"noopener\">Fedrigoni S.p.A.<\/a><br \/>\n<br \/>\n<a href=\"\/wp-content\/uploads\/2023\/02\/Ritrama-S.p.A._Informativa-portali-web_DE.pdf\" target=\"_blank\" rel=\"noopener\">Ritrama S.p.A.<\/a><br \/>\n<br \/>\n<a href=\"\/wp-content\/uploads\/2023\/02\/Arconvert-S.p.A._Informativa-portali-web_DE.pdf\" target=\"_blank\" rel=\"noopener\">Arconvert S.p.A.<\/a><\/p>\n","protected":false},"excerpt":{"rendered":"<p>DATENSCHUTZERKL\u00c4RUNG GEM\u00c4SS ARTIKEL 13 DER EU-VERORDNUNG 2016\/679 \u2013 NUTZER DER WEBSITE &nbsp; &nbsp; Fedrigoni S.p.A. Ritrama S.p.A. Arconvert S.p.A.<\/p>\n","protected":false},"author":11,"featured_media":0,"parent":0,"menu_order":0,"comment_status":"closed","ping_status":"closed","template":"","meta":{"_acf_changed":false,"footnotes":""},"class_list":["post-4772","page","type-page","status-publish","hentry"],"acf":[],"yoast_head":"<!-- This site is optimized with the Yoast SEO plugin v27.3 - https:\/\/yoast.com\/product\/yoast-seo-wordpress\/ -->\n<title>Datenschutzerkl\u00e4rung<\/title>\n<meta name=\"description\" content=\"Die Definitionen der in diesem Dokument verwendeten Begriffe sind Art. 4 der Datenschutzgrundverordnung (DSGVO)\" \/>\n<meta name=\"robots\" content=\"index, follow, max-snippet:-1, max-image-preview:large, max-video-preview:-1\" \/>\n<link rel=\"canonical\" href=\"https:\/\/selfadhesives.fedrigoni.com\/de\/datenschutzerklaerung\/\" \/>\n<meta property=\"og:locale\" content=\"de_DE\" \/>\n<meta property=\"og:type\" content=\"article\" \/>\n<meta property=\"og:title\" content=\"Datenschutzerkl\u00e4rung\" \/>\n<meta property=\"og:description\" content=\"Die Definitionen der in diesem Dokument verwendeten Begriffe sind Art. 4 der Datenschutzgrundverordnung (DSGVO)\" \/>\n<meta property=\"og:url\" content=\"https:\/\/selfadhesives.fedrigoni.com\/de\/datenschutzerklaerung\/\" \/>\n<meta property=\"og:site_name\" content=\"Fedrigoni Self-Adhesives\" \/>\n<meta property=\"article:modified_time\" content=\"2023-02-07T18:15:11+00:00\" \/>\n<meta property=\"og:image\" content=\"https:\/\/selfadhesives.fedrigoni.com\/wp-content\/uploads\/2022\/11\/share_cover.jpg\" \/>\n\t<meta property=\"og:image:width\" content=\"1920\" \/>\n\t<meta property=\"og:image:height\" content=\"1008\" \/>\n\t<meta property=\"og:image:type\" content=\"image\/jpeg\" \/>\n<meta name=\"twitter:card\" content=\"summary_large_image\" \/>\n<meta name=\"twitter:label1\" content=\"Gesch\u00e4tzte Lesezeit\" \/>\n\t<meta name=\"twitter:data1\" content=\"7\u00a0Minuten\" \/>\n<script type=\"application\/ld+json\" class=\"yoast-schema-graph\">{\"@context\":\"https:\\\/\\\/schema.org\",\"@graph\":[{\"@type\":\"WebPage\",\"@id\":\"https:\\\/\\\/selfadhesives.fedrigoni.com\\\/de\\\/datenschutzerklaerung\\\/\",\"url\":\"https:\\\/\\\/selfadhesives.fedrigoni.com\\\/de\\\/datenschutzerklaerung\\\/\",\"name\":\"Datenschutzerkl\u00e4rung\",\"isPartOf\":{\"@id\":\"https:\\\/\\\/selfadhesives.fedrigoni.com\\\/de\\\/#website\"},\"datePublished\":\"2021-03-02T14:10:02+00:00\",\"dateModified\":\"2023-02-07T18:15:11+00:00\",\"description\":\"Die Definitionen der in diesem Dokument verwendeten Begriffe sind Art. 4 der Datenschutzgrundverordnung (DSGVO)\",\"breadcrumb\":{\"@id\":\"https:\\\/\\\/selfadhesives.fedrigoni.com\\\/de\\\/datenschutzerklaerung\\\/#breadcrumb\"},\"inLanguage\":\"de\",\"potentialAction\":[{\"@type\":\"ReadAction\",\"target\":[\"https:\\\/\\\/selfadhesives.fedrigoni.com\\\/de\\\/datenschutzerklaerung\\\/\"]}]},{\"@type\":\"BreadcrumbList\",\"@id\":\"https:\\\/\\\/selfadhesives.fedrigoni.com\\\/de\\\/datenschutzerklaerung\\\/#breadcrumb\",\"itemListElement\":[{\"@type\":\"ListItem\",\"position\":1,\"name\":\"Home\",\"item\":\"https:\\\/\\\/selfadhesives.fedrigoni.com\\\/de\\\/\"},{\"@type\":\"ListItem\",\"position\":2,\"name\":\"Datenschutzerkl\u00e4rung\"}]},{\"@type\":\"WebSite\",\"@id\":\"https:\\\/\\\/selfadhesives.fedrigoni.com\\\/de\\\/#website\",\"url\":\"https:\\\/\\\/selfadhesives.fedrigoni.com\\\/de\\\/\",\"name\":\"Fedrigoni Self-Adhesives\",\"description\":\"Arconvert. Ritrama. Manter. This is Fedrigoni Self\u2011Adhesives.\",\"potentialAction\":[{\"@type\":\"SearchAction\",\"target\":{\"@type\":\"EntryPoint\",\"urlTemplate\":\"https:\\\/\\\/selfadhesives.fedrigoni.com\\\/de\\\/?s={search_term_string}\"},\"query-input\":{\"@type\":\"PropertyValueSpecification\",\"valueRequired\":true,\"valueName\":\"search_term_string\"}}],\"inLanguage\":\"de\"}]}<\/script>\n<!-- \/ Yoast SEO plugin. -->","yoast_head_json":{"title":"Datenschutzerkl\u00e4rung","description":"Die Definitionen der in diesem Dokument verwendeten Begriffe sind Art. 4 der Datenschutzgrundverordnung (DSGVO)","robots":{"index":"index","follow":"follow","max-snippet":"max-snippet:-1","max-image-preview":"max-image-preview:large","max-video-preview":"max-video-preview:-1"},"canonical":"https:\/\/selfadhesives.fedrigoni.com\/de\/datenschutzerklaerung\/","og_locale":"de_DE","og_type":"article","og_title":"Datenschutzerkl\u00e4rung","og_description":"Die Definitionen der in diesem Dokument verwendeten Begriffe sind Art. 4 der Datenschutzgrundverordnung (DSGVO)","og_url":"https:\/\/selfadhesives.fedrigoni.com\/de\/datenschutzerklaerung\/","og_site_name":"Fedrigoni Self-Adhesives","article_modified_time":"2023-02-07T18:15:11+00:00","og_image":[{"width":1920,"height":1008,"url":"https:\/\/selfadhesives.fedrigoni.com\/wp-content\/uploads\/2022\/11\/share_cover.jpg","type":"image\/jpeg"}],"twitter_card":"summary_large_image","twitter_misc":{"Gesch\u00e4tzte Lesezeit":"7\u00a0Minuten"},"schema":{"@context":"https:\/\/schema.org","@graph":[{"@type":"WebPage","@id":"https:\/\/selfadhesives.fedrigoni.com\/de\/datenschutzerklaerung\/","url":"https:\/\/selfadhesives.fedrigoni.com\/de\/datenschutzerklaerung\/","name":"Datenschutzerkl\u00e4rung","isPartOf":{"@id":"https:\/\/selfadhesives.fedrigoni.com\/de\/#website"},"datePublished":"2021-03-02T14:10:02+00:00","dateModified":"2023-02-07T18:15:11+00:00","description":"Die Definitionen der in diesem Dokument verwendeten Begriffe sind Art. 4 der Datenschutzgrundverordnung (DSGVO)","breadcrumb":{"@id":"https:\/\/selfadhesives.fedrigoni.com\/de\/datenschutzerklaerung\/#breadcrumb"},"inLanguage":"de","potentialAction":[{"@type":"ReadAction","target":["https:\/\/selfadhesives.fedrigoni.com\/de\/datenschutzerklaerung\/"]}]},{"@type":"BreadcrumbList","@id":"https:\/\/selfadhesives.fedrigoni.com\/de\/datenschutzerklaerung\/#breadcrumb","itemListElement":[{"@type":"ListItem","position":1,"name":"Home","item":"https:\/\/selfadhesives.fedrigoni.com\/de\/"},{"@type":"ListItem","position":2,"name":"Datenschutzerkl\u00e4rung"}]},{"@type":"WebSite","@id":"https:\/\/selfadhesives.fedrigoni.com\/de\/#website","url":"https:\/\/selfadhesives.fedrigoni.com\/de\/","name":"Fedrigoni Self-Adhesives","description":"Arconvert. Ritrama. Manter. This is Fedrigoni Self\u2011Adhesives.","potentialAction":[{"@type":"SearchAction","target":{"@type":"EntryPoint","urlTemplate":"https:\/\/selfadhesives.fedrigoni.com\/de\/?s={search_term_string}"},"query-input":{"@type":"PropertyValueSpecification","valueRequired":true,"valueName":"search_term_string"}}],"inLanguage":"de"}]}},"_links":{"self":[{"href":"https:\/\/selfadhesives.fedrigoni.com\/de\/wp-json\/wp\/v2\/pages\/4772","targetHints":{"allow":["GET"]}}],"collection":[{"href":"https:\/\/selfadhesives.fedrigoni.com\/de\/wp-json\/wp\/v2\/pages"}],"about":[{"href":"https:\/\/selfadhesives.fedrigoni.com\/de\/wp-json\/wp\/v2\/types\/page"}],"author":[{"embeddable":true,"href":"https:\/\/selfadhesives.fedrigoni.com\/de\/wp-json\/wp\/v2\/users\/11"}],"replies":[{"embeddable":true,"href":"https:\/\/selfadhesives.fedrigoni.com\/de\/wp-json\/wp\/v2\/comments?post=4772"}],"version-history":[{"count":0,"href":"https:\/\/selfadhesives.fedrigoni.com\/de\/wp-json\/wp\/v2\/pages\/4772\/revisions"}],"wp:attachment":[{"href":"https:\/\/selfadhesives.fedrigoni.com\/de\/wp-json\/wp\/v2\/media?parent=4772"}],"curies":[{"name":"wp","href":"https:\/\/api.w.org\/{rel}","templated":true}]}}